{"id":2,"date":"2019-10-31T02:08:12","date_gmt":"2019-10-31T01:08:12","guid":{"rendered":"https:\/\/www.kordata.mx\/?page_id=2"},"modified":"2024-05-20T16:58:54","modified_gmt":"2024-05-20T23:58:54","slug":"acerca-de-nosotros","status":"publish","type":"page","link":"https:\/\/www.kordata.it\/gt\/acerca-de-nosotros\/","title":{"rendered":"Somos tu aliado en el \u00e9xito comercial"},"content":{"rendered":"\n<p>Somos \nuna empresa mexicana enfocada en el giro de Tecnolog\u00edas de Informaci\u00f3n \nque provee a las Peque\u00f1as y Medianas Empresas (Pymes) un Software \ninteligente, de calidad, pr\u00e1ctico, de f\u00e1cil uso, amplio, completo y \nsobre todo muy competente para que las empresas controlen y administren \nsu crecimiento.<\/p>\n\n\n\n<p>Con Kordata tienes el control de las operaciones de compra y venta de mercanc\u00edas o servicios. <\/p>\n\n\n\n<p>Entre las principales caracter\u00edsticas tenemos:<\/p>\n\n\n\n<ul class=\"wp-block-list\">\n<li>Punto de Venta (Caja) <\/li>\n\n\n\n<li>Facturaci\u00f3n electr\u00f3nica<\/li>\n\n\n\n<li>Control de inventarios<\/li>\n\n\n\n<li>Cuentas por cobrar a clientes de cr\u00e9dito<\/li>\n\n\n\n<li>Administraci\u00f3n de sucursales<\/li>\n\n\n\n<li>Cuentas por pagar a proveedores <\/li>\n\n\n\n<li>Programa de lealtad (monedero electr\u00f3nico)<\/li>\n<\/ul>\n\n\n\n<p><strong>Entre otros&#8230;<\/strong><\/p>\n","protected":false},"excerpt":{"rendered":"<p>Somos una empresa mexicana enfocada en el giro de Tecnolog\u00edas de Informaci\u00f3n que provee a las Peque\u00f1as y Medianas Empresas (Pymes) un Software inteligente, de calidad, pr\u00e1ctico, de f\u00e1cil uso, amplio, completo y sobre todo muy competente para que las empresas controlen y administren su crecimiento. Con Kordata tienes el control de las operaciones de [&hellip;]<\/p>\n","protected":false},"author":1,"featured_media":0,"parent":0,"menu_order":0,"comment_status":"closed","ping_status":"open","template":"page-about.php","meta":{"_acf_changed":false,"footnotes":""},"class_list":["post-2","page","type-page","status-publish","hentry"],"acf":[],"_links":{"self":[{"href":"https:\/\/www.kordata.it\/gt\/wp-json\/wp\/v2\/pages\/2","targetHints":{"allow":["GET"]}}],"collection":[{"href":"https:\/\/www.kordata.it\/gt\/wp-json\/wp\/v2\/pages"}],"about":[{"href":"https:\/\/www.kordata.it\/gt\/wp-json\/wp\/v2\/types\/page"}],"author":[{"embeddable":true,"href":"https:\/\/www.kordata.it\/gt\/wp-json\/wp\/v2\/users\/1"}],"replies":[{"embeddable":true,"href":"https:\/\/www.kordata.it\/gt\/wp-json\/wp\/v2\/comments?post=2"}],"version-history":[{"count":4,"href":"https:\/\/www.kordata.it\/gt\/wp-json\/wp\/v2\/pages\/2\/revisions"}],"predecessor-version":[{"id":2684,"href":"https:\/\/www.kordata.it\/gt\/wp-json\/wp\/v2\/pages\/2\/revisions\/2684"}],"wp:attachment":[{"href":"https:\/\/www.kordata.it\/gt\/wp-json\/wp\/v2\/media?parent=2"}],"curies":[{"name":"wp","href":"https:\/\/api.w.org\/{rel}","templated":true}]}}